{"id":467,"date":"2026-04-09T11:39:20","date_gmt":"2026-04-09T10:39:20","guid":{"rendered":"https:\/\/sinestesia.cat\/?page_id=467"},"modified":"2026-04-09T11:48:47","modified_gmt":"2026-04-09T10:48:47","slug":"elementor-page-467","status":"publish","type":"page","link":"https:\/\/sinestesia.cat\/ca\/elementor-page-467\/","title":{"rendered":"Av\u00eds legal"},"content":{"rendered":"<div data-elementor-type=\"wp-page\" data-elementor-id=\"467\" class=\"elementor elementor-467\">\n\t\t\t\t<div class=\"elementor-element elementor-element-3825e63 e-flex e-con-boxed e-con e-parent\" data-id=\"3825e63\" data-element_type=\"container\" data-e-type=\"container\">\n\t\t\t\t\t<div class=\"e-con-inner\">\n\t\t\t\t<div class=\"elementor-element elementor-element-0f3d1e0 elementor-widget elementor-widget-heading\" data-id=\"0f3d1e0\" data-element_type=\"widget\" data-e-type=\"widget\" data-widget_type=\"heading.default\">\n\t\t\t\t\t<h2 class=\"elementor-heading-title elementor-size-default\">av\u00eds legal<\/h2>\t\t\t\t<\/div>\n\t\t\t\t\t<\/div>\n\t\t\t\t<\/div>\n\t\t<div class=\"elementor-element elementor-element-4262f09 e-flex e-con-boxed e-con e-parent\" data-id=\"4262f09\" data-element_type=\"container\" data-e-type=\"container\">\n\t\t\t\t\t<div class=\"e-con-inner\">\n\t\t\t\t<div class=\"elementor-element elementor-element-9c1c03e elementor-widget elementor-widget-text-editor\" data-id=\"9c1c03e\" data-element_type=\"widget\" data-e-type=\"widget\" data-widget_type=\"text-editor.default\">\n\t\t\t\t\t\t\t\t\t<p><strong>AV\u00cdS LEGAL<\/strong><br \/>En compliment del deure d\u2019informaci\u00f3 previst a la normativa aplicable, s\u2019informa que aquest lloc web, www.sinestesia.cat \u00e9s titularitat de:<br \/><span style=\"text-decoration: underline;\">Titular:<\/span> SANDRA JURADO BLANES<br \/><span style=\"text-decoration: underline;\">NIF\/CIF:<\/span> 39390396K<br \/>Domicili: [Av. Balmes, 14 2-3 Igualada<br \/><span style=\"text-decoration: underline;\">Correu electr\u00f2nic de contacte:<\/span> sandra@sinestesia.cat<br \/><span style=\"text-decoration: underline;\">Tel\u00e8fon:<\/span> 649485086<br \/><span style=\"text-decoration: underline;\">Nom comercial:<\/span> Sinestesia, consultor\u00eda sensorial tur\u00edstica<br \/><span style=\"text-decoration: underline;\">Activitat:<\/span> consultoria tur\u00edstica \/ serveis d\u2019assessorament \/ formaci\u00f3<\/p><p><strong>1. Objecte<\/strong><br \/>Aquest lloc web t\u00e9 com a finalitat oferir informaci\u00f3 sobre els serveis de SINESTESIA, aix\u00ed com facilitar el contacte amb persones interessades i, si escau, la sol\u00b7licitud de reunions o sessions informatives.<\/p><p><strong>2. Condicions d\u2019\u00fas<\/strong><br \/>L\u2019acc\u00e9s i \u00fas d\u2019aquest lloc web atribueix la condici\u00f3 de persona usu\u00e0ria i implica l\u2019acceptaci\u00f3 de les presents condicions d\u2019\u00fas.<br \/>La persona usu\u00e0ria es compromet a fer un \u00fas adequat dels continguts i serveis oferts i a no utilitzar-los per a activitats il\u00b7l\u00edcites, contr\u00e0ries a la bona fe o a l\u2019ordre p\u00fablic.<\/p><p><strong>3. Propietat intel\u00b7lectual i industrial<\/strong><br \/>Tots els continguts d\u2019aquest lloc web, incloent-hi textos, imatges, logotips, dissenys, estructura, software i altres elements, s\u00f3n titularitat de Sandra Jurado blanes o b\u00e9 es disposa dels drets necessaris per al seu \u00fas, i estan protegits per la normativa de propietat intel\u00b7lectual i industrial.<br \/>Queda prohibida la reproducci\u00f3, distribuci\u00f3, comunicaci\u00f3 p\u00fablica, transformaci\u00f3 o qualsevol altra forma d\u2019explotaci\u00f3 no autoritzada expressament.<\/p><p><strong>4. Responsabilitat<\/strong><br \/>Sandra Jurado Blanes no es fa responsable dels errors o omissions en els continguts del web, ni dels danys derivats del seu \u00fas, ni de l\u2019actuaci\u00f3 de tercers que vulnerin la seguretat del sistema.<br \/>Tampoc es responsabilitza del contingut de p\u00e0gines externes enlla\u00e7ades des d\u2019aquest lloc web.<\/p><p><strong>5. Enlla\u00e7os externs<\/strong><br \/>En cas que aquest lloc web contingui enlla\u00e7os a llocs web de tercers, aquests s\u2019ofereixen \u00fanicament a efectes informatius. Sandra Jurado Blanes no assumeix cap responsabilitat sobre els continguts, pol\u00edtiques o pr\u00e0ctiques d\u2019aquests llocs externs.<\/p><p><strong>6. Protecci\u00f3 de dades<\/strong><br \/>Les dades personals recollides a trav\u00e9s d\u2019aquest lloc web seran tractades d\u2019acord amb all\u00f2 establert a la Pol\u00edtica de Privacitat.<\/p><p><strong>7. Cookies<\/strong><br \/>Aquest lloc web pot utilitzar cookies pr\u00f2pies i de tercers. La persona usu\u00e0ria pot obtenir m\u00e9s informaci\u00f3 a la Pol\u00edtica de Cookies.<\/p><p><strong>8. Legislaci\u00f3 aplicable i jurisdicci\u00f3<\/strong><br \/>Les presents condicions es regeixen per la legislaci\u00f3 espanyola. Per a qualsevol controv\u00e8rsia que es pugui derivar de l\u2019acc\u00e9s o \u00fas del lloc web, les parts se sotmeten als jutjats i tribunals d\u2019Igualada, excepte que la normativa aplicable estableixi una altra cosa.<\/p><p style=\"text-align: left;\">La LSSI exigeix que el prestador posi a disposici\u00f3 dels usuaris, de forma permanent, f\u00e0cil, directa i gratu\u00efta, dades identificatives b\u00e0siques. <\/p>\t\t\t\t\t\t\t\t<\/div>\n\t\t\t\t\t<\/div>\n\t\t\t\t<\/div>\n\t\t\t\t<\/div>","protected":false},"excerpt":{"rendered":"<p>av\u00eds legal AV\u00cdS LEGALEn compliment del deure d\u2019informaci\u00f3 previst a la normativa aplicable, s\u2019informa que aquest lloc web, www.sinestesia.cat \u00e9s titularitat de:Titular: SANDRA JURADO BLANESNIF\/CIF: 39390396KDomicili: [Av. Balmes, 14 2-3 IgualadaCorreu electr\u00f2nic de contacte: sandra@sinestesia.catTel\u00e8fon: 649485086Nom comercial: Sinestesia, consultor\u00eda sensorial tur\u00edsticaActivitat: consultoria tur\u00edstica \/ serveis d\u2019assessorament \/ formaci\u00f3 1. ObjecteAquest lloc web t\u00e9 com a&#8230;<\/p>","protected":false},"author":1,"featured_media":0,"parent":0,"menu_order":0,"comment_status":"closed","ping_status":"closed","template":"","meta":{"_kadence_starter_templates_imported_post":false,"_kad_post_transparent":"","_kad_post_title":"hide","_kad_post_layout":"fullwidth","_kad_post_sidebar_id":"","_kad_post_content_style":"unboxed","_kad_post_vertical_padding":"hide","_kad_post_feature":"hide","_kad_post_feature_position":"","_kad_post_header":false,"_kad_post_footer":false,"_kad_post_classname":"","iawp_total_views":1,"footnotes":""},"class_list":["post-467","page","type-page","status-publish","hentry"],"_links":{"self":[{"href":"https:\/\/sinestesia.cat\/ca\/wp-json\/wp\/v2\/pages\/467","targetHints":{"allow":["GET"]}}],"collection":[{"href":"https:\/\/sinestesia.cat\/ca\/wp-json\/wp\/v2\/pages"}],"about":[{"href":"https:\/\/sinestesia.cat\/ca\/wp-json\/wp\/v2\/types\/page"}],"author":[{"embeddable":true,"href":"https:\/\/sinestesia.cat\/ca\/wp-json\/wp\/v2\/users\/1"}],"replies":[{"embeddable":true,"href":"https:\/\/sinestesia.cat\/ca\/wp-json\/wp\/v2\/comments?post=467"}],"version-history":[{"count":7,"href":"https:\/\/sinestesia.cat\/ca\/wp-json\/wp\/v2\/pages\/467\/revisions"}],"predecessor-version":[{"id":475,"href":"https:\/\/sinestesia.cat\/ca\/wp-json\/wp\/v2\/pages\/467\/revisions\/475"}],"wp:attachment":[{"href":"https:\/\/sinestesia.cat\/ca\/wp-json\/wp\/v2\/media?parent=467"}],"curies":[{"name":"wp","href":"https:\/\/api.w.org\/{rel}","templated":true}]}}